{"id":76,"date":"2020-10-18T17:36:18","date_gmt":"2020-10-18T17:36:18","guid":{"rendered":"https:\/\/shoplepapillon.com\/shop\/?post_type=product&#038;p=76"},"modified":"2021-01-07T03:43:05","modified_gmt":"2021-01-07T03:43:05","slug":"cuaderno-mariposa-x-carlos-zerpa-2","status":"publish","type":"product","link":"https:\/\/shoplepapillon.com\/shop\/product\/cuaderno-mariposa-x-carlos-zerpa-2\/","title":{"rendered":"Cuaderno Mariposa x Carlos Zerpa"},"content":{"rendered":"<p>Para los apasionados del arte, este cuaderno es una pieza para decorar tu escritorio y guardar tus notas! est\u00e1 dise\u00f1ado por el artista Venezolano Carlos Zerpa especialmente para Le Papillon. Es sin duda una pieza de colecci\u00f3n.<\/p>\n","protected":false},"excerpt":{"rendered":"<p>Cuaderno de la colecci\u00f3n de Carlos Zerpa para Le Papillon<\/p>\n","protected":false},"featured_media":196,"comment_status":"open","ping_status":"closed","template":"","meta":[],"product_cat":[17],"product_tag":[19,20,21],"_links":{"self":[{"href":"https:\/\/shoplepapillon.com\/shop\/wp-json\/wp\/v2\/product\/76"}],"collection":[{"href":"https:\/\/shoplepapillon.com\/shop\/wp-json\/wp\/v2\/product"}],"about":[{"href":"https:\/\/shoplepapillon.com\/shop\/wp-json\/wp\/v2\/types\/product"}],"replies":[{"embeddable":true,"href":"https:\/\/shoplepapillon.com\/shop\/wp-json\/wp\/v2\/comments?post=76"}],"wp:featuredmedia":[{"embeddable":true,"href":"https:\/\/shoplepapillon.com\/shop\/wp-json\/wp\/v2\/media\/196"}],"wp:attachment":[{"href":"https:\/\/shoplepapillon.com\/shop\/wp-json\/wp\/v2\/media?parent=76"}],"wp:term":[{"taxonomy":"product_cat","embeddable":true,"href":"https:\/\/shoplepapillon.com\/shop\/wp-json\/wp\/v2\/product_cat?post=76"},{"taxonomy":"product_tag","embeddable":true,"href":"https:\/\/shoplepapillon.com\/shop\/wp-json\/wp\/v2\/product_tag?post=76"}],"curies":[{"name":"wp","href":"https:\/\/api.w.org\/{rel}","templated":true}]}}