{"id":69,"date":"2020-10-18T07:48:20","date_gmt":"2020-10-18T07:48:20","guid":{"rendered":"https:\/\/shoplepapillon.com\/shop\/?post_type=product&#038;p=69"},"modified":"2020-12-12T15:20:06","modified_gmt":"2020-12-12T15:20:06","slug":"cuaderno-amaru","status":"publish","type":"product","link":"https:\/\/shoplepapillon.com\/shop\/product\/cuaderno-amaru\/","title":{"rendered":"Cuaderno AMARU"},"content":{"rendered":"<p>Creamos este cuaderno para esas ni\u00f1as y ni\u00f1os din\u00e1micos, aventureros, que les encanta explorar y conocer el mundo. Aqu\u00ed<br \/>\npodr\u00e1n guardar sus descubrimientos, escribir sus notas, recetas secretas y experimentos, adem\u00e1s de jugar con algunas actividades sobre cada personaje.<\/p>\n","protected":false},"excerpt":{"rendered":"<p>Cuaderno de actividades para ni\u00f1as y ni\u00f1os aventureros, especial de la colecci\u00f3n indios<\/p>\n","protected":false},"featured_media":183,"comment_status":"open","ping_status":"closed","template":"","meta":[],"product_cat":[17],"product_tag":[22,21],"_links":{"self":[{"href":"https:\/\/shoplepapillon.com\/shop\/wp-json\/wp\/v2\/product\/69"}],"collection":[{"href":"https:\/\/shoplepapillon.com\/shop\/wp-json\/wp\/v2\/product"}],"about":[{"href":"https:\/\/shoplepapillon.com\/shop\/wp-json\/wp\/v2\/types\/product"}],"replies":[{"embeddable":true,"href":"https:\/\/shoplepapillon.com\/shop\/wp-json\/wp\/v2\/comments?post=69"}],"wp:featuredmedia":[{"embeddable":true,"href":"https:\/\/shoplepapillon.com\/shop\/wp-json\/wp\/v2\/media\/183"}],"wp:attachment":[{"href":"https:\/\/shoplepapillon.com\/shop\/wp-json\/wp\/v2\/media?parent=69"}],"wp:term":[{"taxonomy":"product_cat","embeddable":true,"href":"https:\/\/shoplepapillon.com\/shop\/wp-json\/wp\/v2\/product_cat?post=69"},{"taxonomy":"product_tag","embeddable":true,"href":"https:\/\/shoplepapillon.com\/shop\/wp-json\/wp\/v2\/product_tag?post=69"}],"curies":[{"name":"wp","href":"https:\/\/api.w.org\/{rel}","templated":true}]}}