{"id":284,"date":"2020-12-09T02:52:29","date_gmt":"2020-12-09T02:52:29","guid":{"rendered":"https:\/\/shoplepapillon.com\/shop\/?post_type=product&#038;p=284"},"modified":"2021-01-07T03:43:05","modified_gmt":"2021-01-07T03:43:05","slug":"pack-de-4-libretas-de-nuestra-senora","status":"publish","type":"product","link":"https:\/\/shoplepapillon.com\/shop\/product\/pack-de-4-libretas-de-nuestra-senora\/","title":{"rendered":"Pack de 4 libretas de Nuestra Se\u00f1ora"},"content":{"rendered":"<p>Este proyecto es un homenaje a Nuestra Se\u00f1ora, en cuatro de sus distintas devociones, son las V\u00edrgenes a las cuales les tenemos un especial cari\u00f1o, por sus historias, sus milagros y sus intercesiones en nuestra familia!. Esperamos las disfruten tanto como nosotros. \u00a1Son cuatro maravillosas piezas para decorar tu escritorio y guardar tus notas! est\u00e1n dise\u00f1adas por el artista Venezolano Carlos Zerpa especialmente para Le Papillon. Son sin duda piezas de colecci\u00f3n.<br \/>\nTenemos a la Virgen de Coromoto (Venezuela), Virgen de Guadalupe (M\u00e9xico), Virgen de Aparecida (Brasil) y Virgen de F\u00e1tima (Portugal)<\/p>\n","protected":false},"excerpt":{"rendered":"<p>Libretas de la colecci\u00f3n de Carlos Zerpa para Le Papillon<\/p>\n","protected":false},"featured_media":291,"comment_status":"open","ping_status":"closed","template":"","meta":[],"product_cat":[17],"product_tag":[19,20,21],"_links":{"self":[{"href":"https:\/\/shoplepapillon.com\/shop\/wp-json\/wp\/v2\/product\/284"}],"collection":[{"href":"https:\/\/shoplepapillon.com\/shop\/wp-json\/wp\/v2\/product"}],"about":[{"href":"https:\/\/shoplepapillon.com\/shop\/wp-json\/wp\/v2\/types\/product"}],"replies":[{"embeddable":true,"href":"https:\/\/shoplepapillon.com\/shop\/wp-json\/wp\/v2\/comments?post=284"}],"wp:featuredmedia":[{"embeddable":true,"href":"https:\/\/shoplepapillon.com\/shop\/wp-json\/wp\/v2\/media\/291"}],"wp:attachment":[{"href":"https:\/\/shoplepapillon.com\/shop\/wp-json\/wp\/v2\/media?parent=284"}],"wp:term":[{"taxonomy":"product_cat","embeddable":true,"href":"https:\/\/shoplepapillon.com\/shop\/wp-json\/wp\/v2\/product_cat?post=284"},{"taxonomy":"product_tag","embeddable":true,"href":"https:\/\/shoplepapillon.com\/shop\/wp-json\/wp\/v2\/product_tag?post=284"}],"curies":[{"name":"wp","href":"https:\/\/api.w.org\/{rel}","templated":true}]}}