{"id":175,"date":"2020-11-19T01:12:41","date_gmt":"2020-11-19T01:12:41","guid":{"rendered":"https:\/\/shoplepapillon.com\/shop\/?page_id=175"},"modified":"2020-11-19T01:26:21","modified_gmt":"2020-11-19T01:26:21","slug":"forma-de-pago-y-gastos-de-envio","status":"publish","type":"page","link":"https:\/\/shoplepapillon.com\/shop\/forma-de-pago-y-gastos-de-envio\/","title":{"rendered":"Forma de pago y gastos de env\u00edo"},"content":{"rendered":"<h2>Forma de pago<\/h2>\n<p><span style=\"font-weight: 400;\">En este momento solo disponemos de pago mediante Paypal, transferencia bancaria o dep\u00f3sito a tarjeta, tambi\u00e9n podemos enviarte un link de moneypool. En caso de seleccionar transferencia o deposito, el pago se deber\u00e1 realizar fuera de la plataforma con los datos que se facilitan una vez realizada la compra y nosotros haremos la verificaci\u00f3n en nuestra cuenta bancaria.<\/span><\/p>\n<p><span style=\"font-weight: 400;\">Estamos trabajando para mejorar y ofrecer otros tipo de pago para tu comodidad, y en cuanto est\u00e9n disponibles te informaremos.<\/span><\/p>\n<h2><span style=\"font-weight: 400;\">Gastos de env\u00edos<\/span><\/h2>\n<p><span style=\"font-weight: 400;\">El costo del env\u00edo se puede visualizar cuando se realiza el pedido despu\u00e9s de haber introducido la direcci\u00f3n de entrega ya que depende del peso del paquete y la ubicaci\u00f3n.<\/span><\/p>\n","protected":false},"excerpt":{"rendered":"<p>Forma de pago En este momento solo disponemos de pago mediante Paypal, transferencia bancaria o dep\u00f3sito a tarjeta, tambi\u00e9n podemos enviarte un link de moneypool. En caso de seleccionar transferencia o deposito, el pago se deber\u00e1 realizar fuera de la plataforma con los datos que se facilitan una vez realizada la compra y nosotros haremos [&hellip;]<\/p>\n","protected":false},"author":1,"featured_media":0,"parent":0,"menu_order":0,"comment_status":"closed","ping_status":"closed","template":"","meta":[],"_links":{"self":[{"href":"https:\/\/shoplepapillon.com\/shop\/wp-json\/wp\/v2\/pages\/175"}],"collection":[{"href":"https:\/\/shoplepapillon.com\/shop\/wp-json\/wp\/v2\/pages"}],"about":[{"href":"https:\/\/shoplepapillon.com\/shop\/wp-json\/wp\/v2\/types\/page"}],"author":[{"embeddable":true,"href":"https:\/\/shoplepapillon.com\/shop\/wp-json\/wp\/v2\/users\/1"}],"replies":[{"embeddable":true,"href":"https:\/\/shoplepapillon.com\/shop\/wp-json\/wp\/v2\/comments?post=175"}],"version-history":[{"count":1,"href":"https:\/\/shoplepapillon.com\/shop\/wp-json\/wp\/v2\/pages\/175\/revisions"}],"predecessor-version":[{"id":176,"href":"https:\/\/shoplepapillon.com\/shop\/wp-json\/wp\/v2\/pages\/175\/revisions\/176"}],"wp:attachment":[{"href":"https:\/\/shoplepapillon.com\/shop\/wp-json\/wp\/v2\/media?parent=175"}],"curies":[{"name":"wp","href":"https:\/\/api.w.org\/{rel}","templated":true}]}}